{"id":103,"date":"2015-11-29T07:53:27","date_gmt":"2015-11-29T06:53:27","guid":{"rendered":"http:\/\/localhost:8888\/wordpress\/?page_id=103"},"modified":"2021-06-15T15:57:22","modified_gmt":"2021-06-15T13:57:22","slug":"2industrieklettern","status":"publish","type":"page","link":"https:\/\/www.seiltechnik-hannover.de\/?page_id=103","title":{"rendered":"Service"},"content":{"rendered":"<p style=\"text-align: justify;\">Was bieten wir an?<\/p>\n<p style=\"text-align: justify;\">Seilklettern, auch Industrieklettern genannt, ist eine<img decoding=\"async\" loading=\"lazy\" class=\"size-medium wp-image-301 alignright\" src=\"http:\/\/www.wp.seiltechnik-hannover.de\/wp-content\/uploads\/2015\/11\/Glasreinigung-225x300.jpg\" alt=\"Glasreinigung\" width=\"225\" height=\"300\" srcset=\"https:\/\/www.seiltechnik-hannover.de\/wp-content\/uploads\/2015\/11\/Glasreinigung-225x300.jpg 225w, https:\/\/www.seiltechnik-hannover.de\/wp-content\/uploads\/2015\/11\/Glasreinigung-768x1024.jpg 768w, https:\/\/www.seiltechnik-hannover.de\/wp-content\/uploads\/2015\/11\/Glasreinigung.jpg 1200w\" sizes=\"(max-width: 225px) 100vw, 225px\" \/> M\u00f6glichkeit der Arbeitsplatzpositionierung an und in Geb\u00e4uden, auch in sehr gro\u00dfer H\u00f6he.<br \/>\nDurch die Verwendung zweier Seile, die \u00fcber der zu erreichenden Stelle angebracht werden, ist es m\u00f6glich, sich am Seil auf und ab zu bewegen, und so auch exponierte Stellen zu \u201cerklettern\u201d.<\/p>\n<p style=\"text-align: justify;\">An der entsprechenden Stelle hat der Industriekletterer dann beide H\u00e4nde frei, um dort Arbeiten ausf\u00fchren zu k\u00f6nnen.<br \/>\nDie Verwendung des zweiten Seiles als ausschlie\u00dfliches Sicherungsseil gew\u00e4hrleistet dabei eine gr\u00f6\u00dftm\u00f6gliche Sicherheit.<\/p>\n<p style=\"text-align: justify;\">Ein weiteres Einsatzgebiet ist die Arbeit an absturzgef\u00e4hrdeten Bereichen, z.B. am Rand von Flachd\u00e4chern, auf schr\u00e4gen Fl\u00e4chen, steilen B\u00f6schungen etc..<\/p>\n<p style=\"text-align: justify;\">Durch die Verwendung des gleichen Arbeitsgurtes wie beim Industrieklettern und entsprechenden R\u00fcckhaltemitteln ist auch in diesem Bereich ein sicherer Zugang und eine flexible Arbeitsplatzpositionierung m\u00f6glich.<\/p>\n<p style=\"text-align: justify;\">Welche M\u00f6glichkeiten bietet die Seilklettertechnik?<\/p>\n<p style=\"text-align: justify;\">Viele Probleme oder Sch\u00e4den an schwer zug\u00e4nglichen Stellen werden nicht rechtzeitig wahrgenommen oder die<br \/>\nBehebung verschoben, da die herk\u00f6mmlichen Zugangssysteme wie Ger\u00fcst oder Arbeitsb\u00fchne h\u00e4ufig zu teuer oder<br \/>\nvon den Umst\u00e4nden her nicht einsetzbar sind.<img decoding=\"async\" loading=\"lazy\" class=\" wp-image-303 alignright\" src=\"http:\/\/www.wp.seiltechnik-hannover.de\/wp-content\/uploads\/2015\/11\/IMG_2758-300x224.jpg\" alt=\"IMG_2758\" width=\"248\" height=\"185\" srcset=\"https:\/\/www.seiltechnik-hannover.de\/wp-content\/uploads\/2015\/11\/IMG_2758-300x224.jpg 300w, https:\/\/www.seiltechnik-hannover.de\/wp-content\/uploads\/2015\/11\/IMG_2758-1024x765.jpg 1024w, https:\/\/www.seiltechnik-hannover.de\/wp-content\/uploads\/2015\/11\/IMG_2758-285x214.jpg 285w\" sizes=\"(max-width: 248px) 100vw, 248px\" \/><\/p>\n<p style=\"text-align: justify;\">Die Bodengegebenheiten und die bauliche Umgebung spielen bei der Seilklettertechnik nur eine untergeordnete Rolle.<br \/>\nIn diesen F\u00e4llen bietet die Seilklettertechnik eine schnelle, flexible und kurzfristig durchf\u00fchrbare Alternative.<\/p>\n<p><a href=\"http:\/\/www.seiltechnik-hannover.de\/?page_id=107\">Montage von Absturzsicherungen<\/a><\/p>\n<p><a href=\"http:\/\/www.seiltechnik-hannover.de\/?page_id=110\">PSA Pr\u00fcfungen<\/a><\/p>\n","protected":false},"excerpt":{"rendered":"<p>Was bieten wir an? Seilklettern, auch Industrieklettern genannt, ist eine M\u00f6glichkeit der Arbeitsplatzpositionierung an und in Geb\u00e4uden, auch in sehr gro\u00dfer H\u00f6he. Durch die Verwendung zweier Seile, die \u00fcber der zu erreichenden Stelle angebracht werden, ist es m\u00f6glich, sich am Seil auf und ab zu bewegen, und so auch exponierte Stellen zu \u201cerklettern\u201d. An der <a href=\"https:\/\/www.seiltechnik-hannover.de\/?page_id=103\" rel=\"nofollow\"><span class=\"sr-only\">Read more about Service<\/span>[&hellip;]<\/a><\/p>\n","protected":false},"author":2,"featured_media":0,"parent":0,"menu_order":3,"comment_status":"closed","ping_status":"closed","template":"template-fullwidth.php","meta":[],"_links":{"self":[{"href":"https:\/\/www.seiltechnik-hannover.de\/index.php?rest_route=\/wp\/v2\/pages\/103"}],"collection":[{"href":"https:\/\/www.seiltechnik-hannover.de\/index.php?rest_route=\/wp\/v2\/pages"}],"about":[{"href":"https:\/\/www.seiltechnik-hannover.de\/index.php?rest_route=\/wp\/v2\/types\/page"}],"author":[{"embeddable":true,"href":"https:\/\/www.seiltechnik-hannover.de\/index.php?rest_route=\/wp\/v2\/users\/2"}],"replies":[{"embeddable":true,"href":"https:\/\/www.seiltechnik-hannover.de\/index.php?rest_route=%2Fwp%2Fv2%2Fcomments&post=103"}],"version-history":[{"count":9,"href":"https:\/\/www.seiltechnik-hannover.de\/index.php?rest_route=\/wp\/v2\/pages\/103\/revisions"}],"predecessor-version":[{"id":872,"href":"https:\/\/www.seiltechnik-hannover.de\/index.php?rest_route=\/wp\/v2\/pages\/103\/revisions\/872"}],"wp:attachment":[{"href":"https:\/\/www.seiltechnik-hannover.de\/index.php?rest_route=%2Fwp%2Fv2%2Fmedia&parent=103"}],"curies":[{"name":"wp","href":"https:\/\/api.w.org\/{rel}","templated":true}]}}