{"id":107,"date":"2015-11-29T08:16:11","date_gmt":"2015-11-29T08:16:11","guid":{"rendered":"http:\/\/localhost:8888\/wordpress\/?page_id=107"},"modified":"2024-02-19T13:04:44","modified_gmt":"2024-02-19T12:04:44","slug":"absturzsicherungssysteme","status":"publish","type":"page","link":"https:\/\/www.seiltechnik-hannover.de\/?page_id=107","title":{"rendered":"Absturzsicherungssysteme"},"content":{"rendered":"\n<div class=\"entry-content\">\n<div id=\"pl-107\">\n<div id=\"pg-107-0\" class=\"panel-grid\">\n<div id=\"pgc-107-0-0\" class=\"panel-grid-cell\">\n<div id=\"panel-107-0-0-0\" class=\"so-panel widget widget_text panel-first-child panel-last-child\">\n<div class=\"textwidget\">\n<div>Seiltechnik-Hannover ist zertifizierter Fachbetrieb f\u00fcr horizontale Absturzsicherung.<\/div>\n<figure><img decoding=\"async\" loading=\"lazy\" class=\"size-medium wp-image-307 alignright\" src=\"http:\/\/www.wp.seiltechnik-hannover.de\/wp-content\/uploads\/2015\/11\/Sascha-Gehe-224x300.jpg\" alt=\"Sascha Gehe\" width=\"224\" height=\"300\" srcset=\"https:\/\/www.seiltechnik-hannover.de\/wp-content\/uploads\/2015\/11\/Sascha-Gehe-224x300.jpg 224w, https:\/\/www.seiltechnik-hannover.de\/wp-content\/uploads\/2015\/11\/Sascha-Gehe-765x1024.jpg 765w, https:\/\/www.seiltechnik-hannover.de\/wp-content\/uploads\/2015\/11\/Sascha-Gehe.jpg 1936w\" sizes=\"(max-width: 224px) 100vw, 224px\" \/><\/figure><div>Damit Sie Ihren Mitarbeitern den h\u00f6chstm\u00f6glichen Schutz&nbsp; bieten k\u00f6nnen unterst\u00fctzen wir Sie bei der Planung, Installation und \u00dcberpr\u00fcfung von horizontalen und vertikalen Absturzsicherungen.<\/div>\n<div>\n<p>Jeder Ort, an dem eine Absturzsicherung installiert werden muss, hat andere Anforderungen an das System. Das f\u00e4ngt bei der Verankerungsstruktur an und h\u00f6rt bei der Anzahl der Anwender, die sich gleichzeitig im System bewegen m\u00fcssen, auf. Von der Planung bis zur Ausf\u00fchrung, wir sind f\u00fcr Sie da.<\/p>\n<\/div>\n<p>Wir sind von den Herstellern&nbsp; auf die Planung, Installation und Inspektion folgender Systeme geschult:<\/p>\n<p>ABS Absturzsicherung<\/p>\n<p>Innotech<\/p>\n<p>Skylotec<\/p>\n<p>Secupohl<\/p>\n<p>Breuer<\/p>\n<h3>&nbsp;<\/h3>\n<\/div>\n<\/div>\n<\/div>\n<\/div>\n<\/div>\n<\/div>\n","protected":false},"excerpt":{"rendered":"<p>Seiltechnik-Hannover ist zertifizierter Fachbetrieb f\u00fcr horizontale Absturzsicherung. Damit Sie Ihren Mitarbeitern den h\u00f6chstm\u00f6glichen Schutz&nbsp; bieten k\u00f6nnen unterst\u00fctzen wir Sie bei der Planung, Installation und \u00dcberpr\u00fcfung von horizontalen und vertikalen Absturzsicherungen. Jeder Ort, an dem eine Absturzsicherung installiert werden muss, hat andere Anforderungen an das System. Das f\u00e4ngt bei der Verankerungsstruktur an und h\u00f6rt bei der <a href=\"https:\/\/www.seiltechnik-hannover.de\/?page_id=107\" rel=\"nofollow\"><span class=\"sr-only\">Read more about Absturzsicherungssysteme<\/span>[&hellip;]<\/a><\/p>\n","protected":false},"author":2,"featured_media":0,"parent":103,"menu_order":0,"comment_status":"closed","ping_status":"closed","template":"template-fullwidth.php","meta":[],"_links":{"self":[{"href":"https:\/\/www.seiltechnik-hannover.de\/index.php?rest_route=\/wp\/v2\/pages\/107"}],"collection":[{"href":"https:\/\/www.seiltechnik-hannover.de\/index.php?rest_route=\/wp\/v2\/pages"}],"about":[{"href":"https:\/\/www.seiltechnik-hannover.de\/index.php?rest_route=\/wp\/v2\/types\/page"}],"author":[{"embeddable":true,"href":"https:\/\/www.seiltechnik-hannover.de\/index.php?rest_route=\/wp\/v2\/users\/2"}],"replies":[{"embeddable":true,"href":"https:\/\/www.seiltechnik-hannover.de\/index.php?rest_route=%2Fwp%2Fv2%2Fcomments&post=107"}],"version-history":[{"count":6,"href":"https:\/\/www.seiltechnik-hannover.de\/index.php?rest_route=\/wp\/v2\/pages\/107\/revisions"}],"predecessor-version":[{"id":1443,"href":"https:\/\/www.seiltechnik-hannover.de\/index.php?rest_route=\/wp\/v2\/pages\/107\/revisions\/1443"}],"up":[{"embeddable":true,"href":"https:\/\/www.seiltechnik-hannover.de\/index.php?rest_route=\/wp\/v2\/pages\/103"}],"wp:attachment":[{"href":"https:\/\/www.seiltechnik-hannover.de\/index.php?rest_route=%2Fwp%2Fv2%2Fmedia&parent=107"}],"curies":[{"name":"wp","href":"https:\/\/api.w.org\/{rel}","templated":true}]}}