{"id":152,"date":"2015-11-30T19:50:32","date_gmt":"2015-11-30T19:50:32","guid":{"rendered":"http:\/\/localhost:8888\/wordpress\/?page_id=152"},"modified":"2016-02-04T11:33:26","modified_gmt":"2016-02-04T10:33:26","slug":"training-fuer-psa-anwender","status":"publish","type":"page","link":"https:\/\/www.seiltechnik-hannover.de\/?page_id=152","title":{"rendered":"Schulungen f\u00fcr PSA Anwender"},"content":{"rendered":"<p>Alle versicherungspflichtigen Angestellten, die im absturzgef\u00e4hrdetem Bereich arbeiten, m\u00fcssen vom Arbeitgeber entsprechende Schutzausr\u00fcstung und Schulungen bekommen.<\/p>\n<p>Ensprechende Schulungen m\u00fcssen j\u00e4hrlich aufgefrischt werden.<\/p>\n<p><a href=\"http:\/\/www.seiltechnik-hannover.de\/?page_id=83\">Level 1: Grundlagen und sichere Verwendung von PSA <\/a><\/p>\n<p><a href=\"http:\/\/www.seiltechnik-hannover.de\/?page_id=87\">Level 2: Grundlagen und sichere Verwendung von PSA inkl. Rettungstechniken<\/a><\/p>\n<p><a href=\"http:\/\/www.seiltechnik-hannover.de\/?page_id=89\">Wiederholungsunterweisung<\/a><\/p>\n","protected":false},"excerpt":{"rendered":"<p>Alle versicherungspflichtigen Angestellten, die im absturzgef\u00e4hrdetem Bereich arbeiten, m\u00fcssen vom Arbeitgeber entsprechende Schutzausr\u00fcstung und Schulungen bekommen. Ensprechende Schulungen m\u00fcssen j\u00e4hrlich aufgefrischt werden. Level 1: Grundlagen und sichere Verwendung von PSA Level 2: Grundlagen und sichere Verwendung von PSA inkl. Rettungstechniken Wiederholungsunterweisung<\/p>\n","protected":false},"author":2,"featured_media":0,"parent":81,"menu_order":0,"comment_status":"closed","ping_status":"closed","template":"template-fullwidth.php","meta":[],"_links":{"self":[{"href":"https:\/\/www.seiltechnik-hannover.de\/index.php?rest_route=\/wp\/v2\/pages\/152"}],"collection":[{"href":"https:\/\/www.seiltechnik-hannover.de\/index.php?rest_route=\/wp\/v2\/pages"}],"about":[{"href":"https:\/\/www.seiltechnik-hannover.de\/index.php?rest_route=\/wp\/v2\/types\/page"}],"author":[{"embeddable":true,"href":"https:\/\/www.seiltechnik-hannover.de\/index.php?rest_route=\/wp\/v2\/users\/2"}],"replies":[{"embeddable":true,"href":"https:\/\/www.seiltechnik-hannover.de\/index.php?rest_route=%2Fwp%2Fv2%2Fcomments&post=152"}],"version-history":[{"count":3,"href":"https:\/\/www.seiltechnik-hannover.de\/index.php?rest_route=\/wp\/v2\/pages\/152\/revisions"}],"predecessor-version":[{"id":326,"href":"https:\/\/www.seiltechnik-hannover.de\/index.php?rest_route=\/wp\/v2\/pages\/152\/revisions\/326"}],"up":[{"embeddable":true,"href":"https:\/\/www.seiltechnik-hannover.de\/index.php?rest_route=\/wp\/v2\/pages\/81"}],"wp:attachment":[{"href":"https:\/\/www.seiltechnik-hannover.de\/index.php?rest_route=%2Fwp%2Fv2%2Fmedia&parent=152"}],"curies":[{"name":"wp","href":"https:\/\/api.w.org\/{rel}","templated":true}]}}