{"id":159,"date":"2015-11-30T20:13:01","date_gmt":"2015-11-30T19:13:01","guid":{"rendered":"http:\/\/localhost:8888\/wordpress\/?page_id=159"},"modified":"2016-09-01T20:37:34","modified_gmt":"2016-09-01T18:37:34","slug":"industrieklettern-erklaert","status":"publish","type":"page","link":"https:\/\/www.seiltechnik-hannover.de\/?page_id=159","title":{"rendered":"Industrieklettern &#8211; Einsatzgebiete"},"content":{"rendered":"<p style=\"text-align: justify;\">M\u00f6gliche Einsatzgebiete sind z.B.:<\/p>\n<p style=\"text-align: justify;\">Montagen und Demontagen von Fertigteilen<br \/>\nRohreinigung, z.B. Fassaden, Dachfl\u00e4chen, Dachrinnen, &#8230;<br \/>\nTaubenabwehr<br \/>\nFugensanierung<br \/>\nBautenschutz<br \/>\nPlakatinstallation<br \/>\nDokumentation von Bausch\u00e4den per Foto oder Video<br \/>\nB\u00f6schungssicherung<br \/>\nund vieles mehr&#8230;<\/p>\n<p style=\"text-align: justify;\">Individuelle Probleml\u00f6sung:<img decoding=\"async\" loading=\"lazy\" class=\"size-medium wp-image-311 alignright\" src=\"http:\/\/www.wp.seiltechnik-hannover.de\/wp-content\/uploads\/2015\/11\/Tanja-ha\u0308ngt-224x300.jpg\" alt=\"Tanja ha\u0308ngt\" width=\"224\" height=\"300\" srcset=\"https:\/\/www.seiltechnik-hannover.de\/wp-content\/uploads\/2015\/11\/Tanja-ha\u0308ngt-224x300.jpg 224w, https:\/\/www.seiltechnik-hannover.de\/wp-content\/uploads\/2015\/11\/Tanja-ha\u0308ngt-765x1024.jpg 765w, https:\/\/www.seiltechnik-hannover.de\/wp-content\/uploads\/2015\/11\/Tanja-ha\u0308ngt.jpg 1936w\" sizes=\"(max-width: 224px) 100vw, 224px\" \/><\/p>\n<p style=\"text-align: justify;\">Sie haben eine Problemstelle, finden aber keine Zugangsm\u00f6glichkeit ?<\/p>\n<p style=\"text-align: justify;\">Sprechen Sie uns an, wir arbeiten mit allen technischen Mitteln, die der Markt zur Verf\u00fcgung stellt.<\/p>\n<p style=\"text-align: justify;\">Dabei sind wir bestrebt, f\u00fcr unsere Kunden immer die technisch sicherste und kosteng\u00fcnstigste M\u00f6glichkeit zu finden, sei es mit der Seilklettertechnik, mit mobilen Arbeitsb\u00fchnen oder einfach nur mit der Leiter.<\/p>\n<p style=\"text-align: justify;\">Fordern Sie uns auch kurzfristig an, z.B. zur Beseitigung von Sturmsch\u00e4den, zur Gefahrenabwendung bei lockeren Fassaden- oder Dachteilen (Sat-Anlagen, etc&#8230;)<br \/>\nAlle Anwender der Seilklettertechnik sind zertifizierte H\u00f6henarbeiter mit spezieller Ausbildung und hohem Sicherheitsstandard.<\/p>\n<div id=\"attachment_443\" style=\"width: 310px\" class=\"wp-caption alignright\"><img aria-describedby=\"caption-attachment-443\" decoding=\"async\" loading=\"lazy\" class=\"wp-image-443 size-medium\" src=\"http:\/\/www.seiltechnik-hannover.de\/wp-content\/uploads\/2015\/11\/IKKlein-300x225.png\" alt=\"Fassadeninspektion\" width=\"300\" height=\"225\" srcset=\"https:\/\/www.seiltechnik-hannover.de\/wp-content\/uploads\/2015\/11\/IKKlein-300x225.png 300w, https:\/\/www.seiltechnik-hannover.de\/wp-content\/uploads\/2015\/11\/IKKlein-285x214.png 285w, https:\/\/www.seiltechnik-hannover.de\/wp-content\/uploads\/2015\/11\/IKKlein.png 1000w\" sizes=\"(max-width: 300px) 100vw, 300px\" \/><p id=\"caption-attachment-443\" class=\"wp-caption-text\">Fassadeninspektion<\/p><\/div>\n","protected":false},"excerpt":{"rendered":"<p>M\u00f6gliche Einsatzgebiete sind z.B.: Montagen und Demontagen von Fertigteilen Rohreinigung, z.B. Fassaden, Dachfl\u00e4chen, Dachrinnen, &#8230; Taubenabwehr Fugensanierung Bautenschutz Plakatinstallation Dokumentation von Bausch\u00e4den per Foto oder Video B\u00f6schungssicherung und vieles mehr&#8230; Individuelle Probleml\u00f6sung: Sie haben eine Problemstelle, finden aber keine Zugangsm\u00f6glichkeit ? Sprechen Sie uns an, wir arbeiten mit allen technischen Mitteln, die der Markt zur <a href=\"https:\/\/www.seiltechnik-hannover.de\/?page_id=159\" rel=\"nofollow\"><span class=\"sr-only\">Read more about Industrieklettern &#8211; Einsatzgebiete<\/span>[&hellip;]<\/a><\/p>\n","protected":false},"author":2,"featured_media":0,"parent":103,"menu_order":0,"comment_status":"closed","ping_status":"closed","template":"template-fullwidth.php","meta":[],"_links":{"self":[{"href":"https:\/\/www.seiltechnik-hannover.de\/index.php?rest_route=\/wp\/v2\/pages\/159"}],"collection":[{"href":"https:\/\/www.seiltechnik-hannover.de\/index.php?rest_route=\/wp\/v2\/pages"}],"about":[{"href":"https:\/\/www.seiltechnik-hannover.de\/index.php?rest_route=\/wp\/v2\/types\/page"}],"author":[{"embeddable":true,"href":"https:\/\/www.seiltechnik-hannover.de\/index.php?rest_route=\/wp\/v2\/users\/2"}],"replies":[{"embeddable":true,"href":"https:\/\/www.seiltechnik-hannover.de\/index.php?rest_route=%2Fwp%2Fv2%2Fcomments&post=159"}],"version-history":[{"count":7,"href":"https:\/\/www.seiltechnik-hannover.de\/index.php?rest_route=\/wp\/v2\/pages\/159\/revisions"}],"predecessor-version":[{"id":445,"href":"https:\/\/www.seiltechnik-hannover.de\/index.php?rest_route=\/wp\/v2\/pages\/159\/revisions\/445"}],"up":[{"embeddable":true,"href":"https:\/\/www.seiltechnik-hannover.de\/index.php?rest_route=\/wp\/v2\/pages\/103"}],"wp:attachment":[{"href":"https:\/\/www.seiltechnik-hannover.de\/index.php?rest_route=%2Fwp%2Fv2%2Fmedia&parent=159"}],"curies":[{"name":"wp","href":"https:\/\/api.w.org\/{rel}","templated":true}]}}