{"id":209,"date":"2016-01-24T07:41:50","date_gmt":"2016-01-24T07:41:50","guid":{"rendered":"http:\/\/localhost:8888\/wordpress\/?page_id=209"},"modified":"2021-06-15T15:56:48","modified_gmt":"2021-06-15T13:56:48","slug":"psa-fachhandel","status":"publish","type":"page","link":"https:\/\/www.seiltechnik-hannover.de\/?page_id=209","title":{"rendered":"Fachhandel"},"content":{"rendered":"<p>Wir f\u00fchren in unserem Fachhandel alle relevanten Marken. Durch unseren Zugriff auf tausende von Produktvarianten aller&nbsp; relevanten Hersteller sind wir in der Lage, die f\u00fcr Sie am besten geeignete L\u00f6sung zu finden. Dazu m\u00fcssen Sie kein Spezialist f\u00fcr den Bereich Absturzsicherung werden. Sie sind nicht sicher was Sie brauchen? Vereinbaren Sie mit unserem Au\u00dfendienst einen Termin, dann k\u00f6nnen wir vor Ort mit Ihnen die optimale L\u00f6sung erarbeiten. Wir k\u00fcmmern uns um die Schulung ihrer Mitarbeiter, die richtige Auswahl der Schutzausr\u00fcstung und die regelm\u00e4\u00dfige \u00dcberpr\u00fcfung, gerne auch bei Ihnen vor Ort.<\/p>\n<p>Mitarbeiterausfall durch Unf\u00e4lle sind teuer, rufen Sie uns an, wir finden eine L\u00f6sung f\u00fcr Ihren Bedarf.<\/p>\n<p><a href=\"http:\/\/www.seiltechnik-hannover.eu\" target=\"_blank\" rel=\"noopener\">Hier geht es zum Onlineshop<\/a><\/p>\n","protected":false},"excerpt":{"rendered":"<p>Wir f\u00fchren in unserem Fachhandel alle relevanten Marken. Durch unseren Zugriff auf tausende von Produktvarianten aller&nbsp; relevanten Hersteller sind wir in der Lage, die f\u00fcr Sie am besten geeignete L\u00f6sung zu finden. Dazu m\u00fcssen Sie kein Spezialist f\u00fcr den Bereich Absturzsicherung werden. Sie sind nicht sicher was Sie brauchen? Vereinbaren Sie mit unserem Au\u00dfendienst einen <a href=\"https:\/\/www.seiltechnik-hannover.de\/?page_id=209\" rel=\"nofollow\"><span class=\"sr-only\">Read more about Fachhandel<\/span>[&hellip;]<\/a><\/p>\n","protected":false},"author":2,"featured_media":0,"parent":0,"menu_order":1,"comment_status":"closed","ping_status":"closed","template":"template-fullwidth.php","meta":[],"_links":{"self":[{"href":"https:\/\/www.seiltechnik-hannover.de\/index.php?rest_route=\/wp\/v2\/pages\/209"}],"collection":[{"href":"https:\/\/www.seiltechnik-hannover.de\/index.php?rest_route=\/wp\/v2\/pages"}],"about":[{"href":"https:\/\/www.seiltechnik-hannover.de\/index.php?rest_route=\/wp\/v2\/types\/page"}],"author":[{"embeddable":true,"href":"https:\/\/www.seiltechnik-hannover.de\/index.php?rest_route=\/wp\/v2\/users\/2"}],"replies":[{"embeddable":true,"href":"https:\/\/www.seiltechnik-hannover.de\/index.php?rest_route=%2Fwp%2Fv2%2Fcomments&post=209"}],"version-history":[{"count":5,"href":"https:\/\/www.seiltechnik-hannover.de\/index.php?rest_route=\/wp\/v2\/pages\/209\/revisions"}],"predecessor-version":[{"id":871,"href":"https:\/\/www.seiltechnik-hannover.de\/index.php?rest_route=\/wp\/v2\/pages\/209\/revisions\/871"}],"wp:attachment":[{"href":"https:\/\/www.seiltechnik-hannover.de\/index.php?rest_route=%2Fwp%2Fv2%2Fmedia&parent=209"}],"curies":[{"name":"wp","href":"https:\/\/api.w.org\/{rel}","templated":true}]}}