{"id":336,"date":"2016-02-05T09:58:40","date_gmt":"2016-02-05T08:58:40","guid":{"rendered":"http:\/\/www.seiltechnik-hannover.de\/?page_id=336"},"modified":"2019-05-20T21:22:59","modified_gmt":"2019-05-20T19:22:59","slug":"psa-pruefung","status":"publish","type":"page","link":"https:\/\/www.seiltechnik-hannover.de\/?page_id=336","title":{"rendered":"PSA Pr\u00fcfung"},"content":{"rendered":"<p>Sie vertrauen Ihrer pers\u00f6nlichen Schutzausr\u00fcstung Ihr Leben an? Dann lassen Sie Ihre PSA pr\u00fcfen!<\/p>\n<p>Die PSA ist ihre Lebensversicherung. Neben der t\u00e4glichen obligatorischen Pr\u00fcfung vor und nach Gebrauch schreiben die GUV112-198 <em>(Einsatz von pers\u00f6nlicher Schutzausr\u00fcstung gegen Absturz)<\/em> und GUV 112-199 <em>(Benutzung von pers\u00f6nlichen Schutzausr\u00fcstungen zum Retten aus H\u00f6hen und Tiefen) <\/em>die j\u00e4hrliche Pr\u00fcfung dieser Schutzausr\u00fcstung vor.<\/p>\n<p>Denn sowohl der Nutzer als der Arbeitgeber ist f\u00fcr den ordnungsgem\u00e4\u00dfen Zustand der PSA verantwortlich.<\/p>\n<p>Das umfasst unter anderem Gurte, Seile, Bandschlingen, Steighilfen, Falld\u00e4mpfer, Verbindungsmittel etc&#8230;, also alle sicherheitrelevanten Teile wie sie bei der H\u00f6henarbeit, Baumpflege, bei der H\u00f6henrettung,\u00a0 im Hochregallager, bei Maststeigern etc. verwendet werden.<\/p>\n<p>Die Pr\u00fcfung der PSA erfordert neben einer entsprechenden Ausbildung und einer fundierten Sachkentnis auch viel Erfahrung im Umgang mit der Materie.<\/p>\n<p>Ihre Vorteile bei einer Pr\u00fcfung nach BGG 906 bei Seiltechnik-Hannover:<\/p>\n<ul>\n<li>Wir besch\u00e4ftigen uns tagt\u00e4glich mit der Materie<\/li>\n<li>Wir sind durch Fortbildungen immer auf dem aktuellen Stand<\/li>\n<li>Wir pr\u00fcfen sicher, z\u00fcgig und g\u00fcnstig<\/li>\n<li>Wir kommen auf Wunsch zu Ihnen, um den Betriebsablauf nicht zu unterbrechen<\/li>\n<li>Sie bekommen eine komplette Dokumentation \u00fcber die gepr\u00fcften Teile<\/li>\n<\/ul>\n<p>Wir machen Ihnen gerne ein Angebot \u00fcber eine Pr\u00fcfung.<\/p>\n<p>Rufen Sie uns an: 0511 897 485 21<\/p>\n<p>Oder schreiben Sie uns eine Email: info@seiltechnik-hannover.de<\/p>\n","protected":false},"excerpt":{"rendered":"<p>Sie vertrauen Ihrer pers\u00f6nlichen Schutzausr\u00fcstung Ihr Leben an? Dann lassen Sie Ihre PSA pr\u00fcfen! Die PSA ist ihre Lebensversicherung. Neben der t\u00e4glichen obligatorischen Pr\u00fcfung vor und nach Gebrauch schreiben die GUV112-198 (Einsatz von pers\u00f6nlicher Schutzausr\u00fcstung gegen Absturz) und GUV 112-199 (Benutzung von pers\u00f6nlichen Schutzausr\u00fcstungen zum Retten aus H\u00f6hen und Tiefen) die j\u00e4hrliche Pr\u00fcfung dieser Schutzausr\u00fcstung <a href=\"https:\/\/www.seiltechnik-hannover.de\/?page_id=336\" rel=\"nofollow\"><span class=\"sr-only\">Read more about PSA Pr\u00fcfung<\/span>[&hellip;]<\/a><\/p>\n","protected":false},"author":1,"featured_media":0,"parent":103,"menu_order":0,"comment_status":"closed","ping_status":"closed","template":"template-fullwidth.php","meta":[],"_links":{"self":[{"href":"https:\/\/www.seiltechnik-hannover.de\/index.php?rest_route=\/wp\/v2\/pages\/336"}],"collection":[{"href":"https:\/\/www.seiltechnik-hannover.de\/index.php?rest_route=\/wp\/v2\/pages"}],"about":[{"href":"https:\/\/www.seiltechnik-hannover.de\/index.php?rest_route=\/wp\/v2\/types\/page"}],"author":[{"embeddable":true,"href":"https:\/\/www.seiltechnik-hannover.de\/index.php?rest_route=\/wp\/v2\/users\/1"}],"replies":[{"embeddable":true,"href":"https:\/\/www.seiltechnik-hannover.de\/index.php?rest_route=%2Fwp%2Fv2%2Fcomments&post=336"}],"version-history":[{"count":2,"href":"https:\/\/www.seiltechnik-hannover.de\/index.php?rest_route=\/wp\/v2\/pages\/336\/revisions"}],"predecessor-version":[{"id":766,"href":"https:\/\/www.seiltechnik-hannover.de\/index.php?rest_route=\/wp\/v2\/pages\/336\/revisions\/766"}],"up":[{"embeddable":true,"href":"https:\/\/www.seiltechnik-hannover.de\/index.php?rest_route=\/wp\/v2\/pages\/103"}],"wp:attachment":[{"href":"https:\/\/www.seiltechnik-hannover.de\/index.php?rest_route=%2Fwp%2Fv2%2Fmedia&parent=336"}],"curies":[{"name":"wp","href":"https:\/\/api.w.org\/{rel}","templated":true}]}}