{"id":340,"date":"2016-02-05T10:05:54","date_gmt":"2016-02-05T09:05:54","guid":{"rendered":"http:\/\/www.seiltechnik-hannover.de\/?page_id=340"},"modified":"2025-03-21T15:09:56","modified_gmt":"2025-03-21T14:09:56","slug":"psa-vermietung","status":"publish","type":"page","link":"https:\/\/www.seiltechnik-hannover.de\/?page_id=340","title":{"rendered":"PSA Vermietung"},"content":{"rendered":"<div>Wir bieten Ihnen Pers\u00f6nliche Schutzausr\u00fcstung gegen Absturz auch zur Miete an.<\/div>\n<div>Egal ob Ihr H\u00f6hensicherungsger\u00e4t beim Hersteller zur Inspektion ist oder Sie kurzfristig ein Dreibein oder ein Rettungshubger\u00e4t brauchen, wir haben das passende Equipment f\u00fcr Ihren Einsatz.<\/div>\n<div>Ihr Vorteil:<\/div>\n<div>Sollten Sie PSA f\u00fcr bestimmte Anwendungen nur unregelm\u00e4\u00dfig ben\u00f6tigen, so k\u00f6nnen Sie durch die PSA Miete bei Seiltechnik-Hannover zum einen die Anschaffungskosten als auch die Kosten f\u00fcr die j\u00e4hrliche \u00dcberpr\u00fcfung durch einen Sachkunden sparen.<\/div>\n<div>Bitte kontaktieren Sie uns damit wir f\u00fcr Ihre Anwendung das ideale Set zusammenstellen k\u00f6nnen.<\/div>\n<div><strong>Achtung, wir vermieten PSA nur an gewerbliche Nutzer, die eine entsprechende Unterweisung nachweisen k\u00f6nnen!<\/strong><\/div>\n<div><\/div>\n<p><img decoding=\"async\" src=\"https:\/\/shop.strato.de\/WebRoot\/Store15\/Shops\/62598566\/MediaGallery\/Vermietliste.png\" alt=\"Vermietliste\" data-cke-saved-src=\"\/WebRoot\/Store15\/Shops\/62598566\/MediaGallery\/Vermietliste.png\" \/><\/p>\n","protected":false},"excerpt":{"rendered":"<p>Wir bieten Ihnen Pers\u00f6nliche Schutzausr\u00fcstung gegen Absturz auch zur Miete an. Egal ob Ihr H\u00f6hensicherungsger\u00e4t beim Hersteller zur Inspektion ist oder Sie kurzfristig ein Dreibein oder ein Rettungshubger\u00e4t brauchen, wir haben das passende Equipment f\u00fcr Ihren Einsatz. Ihr Vorteil: Sollten Sie PSA f\u00fcr bestimmte Anwendungen nur unregelm\u00e4\u00dfig ben\u00f6tigen, so k\u00f6nnen Sie durch die PSA Miete <a href=\"https:\/\/www.seiltechnik-hannover.de\/?page_id=340\" rel=\"nofollow\"><span class=\"sr-only\">Read more about PSA Vermietung<\/span>[&hellip;]<\/a><\/p>\n","protected":false},"author":1,"featured_media":0,"parent":209,"menu_order":0,"comment_status":"closed","ping_status":"closed","template":"template-fullwidth.php","meta":[],"_links":{"self":[{"href":"https:\/\/www.seiltechnik-hannover.de\/index.php?rest_route=\/wp\/v2\/pages\/340"}],"collection":[{"href":"https:\/\/www.seiltechnik-hannover.de\/index.php?rest_route=\/wp\/v2\/pages"}],"about":[{"href":"https:\/\/www.seiltechnik-hannover.de\/index.php?rest_route=\/wp\/v2\/types\/page"}],"author":[{"embeddable":true,"href":"https:\/\/www.seiltechnik-hannover.de\/index.php?rest_route=\/wp\/v2\/users\/1"}],"replies":[{"embeddable":true,"href":"https:\/\/www.seiltechnik-hannover.de\/index.php?rest_route=%2Fwp%2Fv2%2Fcomments&post=340"}],"version-history":[{"count":3,"href":"https:\/\/www.seiltechnik-hannover.de\/index.php?rest_route=\/wp\/v2\/pages\/340\/revisions"}],"predecessor-version":[{"id":1463,"href":"https:\/\/www.seiltechnik-hannover.de\/index.php?rest_route=\/wp\/v2\/pages\/340\/revisions\/1463"}],"up":[{"embeddable":true,"href":"https:\/\/www.seiltechnik-hannover.de\/index.php?rest_route=\/wp\/v2\/pages\/209"}],"wp:attachment":[{"href":"https:\/\/www.seiltechnik-hannover.de\/index.php?rest_route=%2Fwp%2Fv2%2Fmedia&parent=340"}],"curies":[{"name":"wp","href":"https:\/\/api.w.org\/{rel}","templated":true}]}}