{"id":346,"date":"2016-02-05T10:08:39","date_gmt":"2016-02-05T09:08:39","guid":{"rendered":"http:\/\/www.seiltechnik-hannover.de\/?page_id=346"},"modified":"2021-05-19T12:41:52","modified_gmt":"2021-05-19T10:41:52","slug":"psa-fachhandel-online","status":"publish","type":"page","link":"https:\/\/www.seiltechnik-hannover.de\/?page_id=346","title":{"rendered":"PSA Fachhandel online"},"content":{"rendered":"<div class=\"entry-content\">In unserem Onlineshop k\u00f6nnen Sie aus einer gro\u00dfen Anzahl von Artikeln f\u00fcr Absturzsicherung, Industrieklettern, Baumpflege oder H\u00f6henrettung w\u00e4hlen. Verschiedene Bezahlarten (ab 2021 keine Bargeldzahlung mehr) und ein schneller Versand zeichnen uns aus. Wenn Sie etwas nicht bei uns finden k\u00f6nnen kontaktieren Sie uns, wir k\u00f6nnen in den meisten F\u00e4llen die gew\u00fcnschten Sachen besorgen.<br \/>\n<a href=\"http:\/\/www.seiltechnik-hannover.eu\" target=\"_blank\" rel=\"noopener\">Hier geht es zum Onlineshop<\/a><\/div>\n","protected":false},"excerpt":{"rendered":"<p>In unserem Onlineshop k\u00f6nnen Sie aus einer gro\u00dfen Anzahl von Artikeln f\u00fcr Absturzsicherung, Industrieklettern, Baumpflege oder H\u00f6henrettung w\u00e4hlen. Verschiedene Bezahlarten (ab 2021 keine Bargeldzahlung mehr) und ein schneller Versand zeichnen uns aus. Wenn Sie etwas nicht bei uns finden k\u00f6nnen kontaktieren Sie uns, wir k\u00f6nnen in den meisten F\u00e4llen die gew\u00fcnschten Sachen besorgen. Hier geht <a href=\"https:\/\/www.seiltechnik-hannover.de\/?page_id=346\" rel=\"nofollow\"><span class=\"sr-only\">Read more about PSA Fachhandel online<\/span>[&hellip;]<\/a><\/p>\n","protected":false},"author":1,"featured_media":0,"parent":209,"menu_order":0,"comment_status":"closed","ping_status":"closed","template":"template-fullwidth.php","meta":[],"_links":{"self":[{"href":"https:\/\/www.seiltechnik-hannover.de\/index.php?rest_route=\/wp\/v2\/pages\/346"}],"collection":[{"href":"https:\/\/www.seiltechnik-hannover.de\/index.php?rest_route=\/wp\/v2\/pages"}],"about":[{"href":"https:\/\/www.seiltechnik-hannover.de\/index.php?rest_route=\/wp\/v2\/types\/page"}],"author":[{"embeddable":true,"href":"https:\/\/www.seiltechnik-hannover.de\/index.php?rest_route=\/wp\/v2\/users\/1"}],"replies":[{"embeddable":true,"href":"https:\/\/www.seiltechnik-hannover.de\/index.php?rest_route=%2Fwp%2Fv2%2Fcomments&post=346"}],"version-history":[{"count":5,"href":"https:\/\/www.seiltechnik-hannover.de\/index.php?rest_route=\/wp\/v2\/pages\/346\/revisions"}],"predecessor-version":[{"id":851,"href":"https:\/\/www.seiltechnik-hannover.de\/index.php?rest_route=\/wp\/v2\/pages\/346\/revisions\/851"}],"up":[{"embeddable":true,"href":"https:\/\/www.seiltechnik-hannover.de\/index.php?rest_route=\/wp\/v2\/pages\/209"}],"wp:attachment":[{"href":"https:\/\/www.seiltechnik-hannover.de\/index.php?rest_route=%2Fwp%2Fv2%2Fmedia&parent=346"}],"curies":[{"name":"wp","href":"https:\/\/api.w.org\/{rel}","templated":true}]}}