{"id":544,"date":"2017-02-03T15:16:57","date_gmt":"2017-02-03T14:16:57","guid":{"rendered":"http:\/\/www.seiltechnik-hannover.de\/?page_id=544"},"modified":"2025-02-21T15:18:31","modified_gmt":"2025-02-21T14:18:31","slug":"schulung-absturzsicherung-fuer-feuerwehren","status":"publish","type":"page","link":"https:\/\/www.seiltechnik-hannover.de\/?page_id=544","title":{"rendered":"Schulung Absturzsicherung f\u00fcr Feuerwehren"},"content":{"rendered":"<p>In dieser Schulung f\u00fcr Mitglieder der Feuerwehr geht es um die theoretische und praktische Schulung im Umgang mit dem Ger\u00e4tesatz Absturzsicherung (DIN EN 14800-17) und Einfaches Retten aus H\u00f6hen und Tiefen gem\u00e4ss den Vorgaben der AGBF Spezielle Rettung aus H\u00f6hen und Tiefen und der Feuerwehr Dienstvorschrift FwDV 1 Ziff. 16-18.<\/p>\n<p>Wir schulen Sie auch auf die neuen Ger\u00e4tes\u00e4tze &#8220;Knotenfrei&#8221; und sind vom Hersteller CAMP zertifiziert, Ihre Kameraden auf das Camp C.R.S Set zu schulen.<\/p>\n<p>Erfahrene Ausbilder vermitteln in dem drei Tage dauernden Kurs Theorie und Praxis m it den Schwerpunkten: Unfallschutz, Rechtsgrundlagen, Dienstvorschriften, Ger\u00e4tekunde, Seil-und (Knotenkunde, je nach Satz), Stationsausbildung an \u00f6rtlichen Begebenheiten.<br \/>\nDie Teilnehmer erhalten zum Abschluss ein Leistungsnachweis mit Zertifikat.<\/p>\n<p>Voraussetzungen:<\/p>\n<ul>\n<li>\u00a0Mindestalter 18 Jahre<\/li>\n<li>K\u00f6rperlich Belastbar<\/li>\n<li>vollst\u00e4ndige pers\u00f6nliche Schutzausr\u00fcstung<\/li>\n<li>Arbeitsmedizinische Untersuchungen G26.3 &#8211; (Atemschutz)<\/li>\n<li>Arbeitsmedizinische Untersuchungen G41 &#8211; (Arbeiten mit Absturzgefahr)<\/li>\n<li>NAch AGBF: AGT und Sprechfunker<\/li>\n<\/ul>\n<p>Dauer: 24 Unterrichtseinheiten<\/p>\n<p>Diese Schulungen finden i.d.Regel als Inhouse-Schulung bei Ihnen vor Ort statt.<\/p>\n<p>Bitte kontaktieren Sie uns bei Interesse, damit wir Ihnen ein individuelles Angebot zusammenstellen k\u00f6nnen.<\/p>\n","protected":false},"excerpt":{"rendered":"<p>In dieser Schulung f\u00fcr Mitglieder der Feuerwehr geht es um die theoretische und praktische Schulung im Umgang mit dem Ger\u00e4tesatz Absturzsicherung (DIN EN 14800-17) und Einfaches Retten aus H\u00f6hen und Tiefen gem\u00e4ss den Vorgaben der AGBF Spezielle Rettung aus H\u00f6hen und Tiefen und der Feuerwehr Dienstvorschrift FwDV 1 Ziff. 16-18. Wir schulen Sie auch auf <a href=\"https:\/\/www.seiltechnik-hannover.de\/?page_id=544\" rel=\"nofollow\"><span class=\"sr-only\">Read more about Schulung Absturzsicherung f\u00fcr Feuerwehren<\/span>[&hellip;]<\/a><\/p>\n","protected":false},"author":1,"featured_media":0,"parent":0,"menu_order":0,"comment_status":"closed","ping_status":"closed","template":"template-fullwidth.php","meta":[],"_links":{"self":[{"href":"https:\/\/www.seiltechnik-hannover.de\/index.php?rest_route=\/wp\/v2\/pages\/544"}],"collection":[{"href":"https:\/\/www.seiltechnik-hannover.de\/index.php?rest_route=\/wp\/v2\/pages"}],"about":[{"href":"https:\/\/www.seiltechnik-hannover.de\/index.php?rest_route=\/wp\/v2\/types\/page"}],"author":[{"embeddable":true,"href":"https:\/\/www.seiltechnik-hannover.de\/index.php?rest_route=\/wp\/v2\/users\/1"}],"replies":[{"embeddable":true,"href":"https:\/\/www.seiltechnik-hannover.de\/index.php?rest_route=%2Fwp%2Fv2%2Fcomments&post=544"}],"version-history":[{"count":6,"href":"https:\/\/www.seiltechnik-hannover.de\/index.php?rest_route=\/wp\/v2\/pages\/544\/revisions"}],"predecessor-version":[{"id":1461,"href":"https:\/\/www.seiltechnik-hannover.de\/index.php?rest_route=\/wp\/v2\/pages\/544\/revisions\/1461"}],"wp:attachment":[{"href":"https:\/\/www.seiltechnik-hannover.de\/index.php?rest_route=%2Fwp%2Fv2%2Fmedia&parent=544"}],"curies":[{"name":"wp","href":"https:\/\/api.w.org\/{rel}","templated":true}]}}