{"id":547,"date":"2017-02-03T15:23:46","date_gmt":"2017-02-03T14:23:46","guid":{"rendered":"http:\/\/www.seiltechnik-hannover.de\/?page_id=547"},"modified":"2023-11-11T11:43:25","modified_gmt":"2023-11-11T10:43:25","slug":"schulung-multiplikator-fuer-feuerwehren","status":"publish","type":"page","link":"https:\/\/www.seiltechnik-hannover.de\/?page_id=547","title":{"rendered":"Schulung Multiplikator f\u00fcr Feuerwehren"},"content":{"rendered":"<p>In diesem Kurs werden Multiplikatoren im Bereich \u201eSichern im absturzgef\u00e4hrdetem Bereich\u201c und \u201eRetten und Selbstretten\u201c geschult und sind danach bef\u00e4higt, Schulungen planen und durchf\u00fchren zu k\u00f6nnen.<\/p>\n<p>In dem drei Tage dauernden Kurs (18 Unterrichtseinheiten) werden die dazu notwendigen Kenntnisse von qualifizierten Trainern vermittelt.<\/p>\n<p>F\u00fcr diesen Kurs erforderlich:<\/p>\n<p>&#8211; vollst\u00e4ndige pers\u00f6nliche Schutzausr\u00fcstung<br \/>\n&#8211; erfolgreiche Teilnahme am Lehrgang \u201eAbsturzsicherung\u201c<br \/>\n&#8211; erfolgreiche Teilnahme am Lehrgang \u201eGruppenf\u00fchrer\u201c oder Vergleichbar<br \/>\n&#8211; Ausbildereignung nach L\u00e4ndervorgaben ( Ausbilder Feuerwehr, Ausbilderschein IHK etc)<br \/>\n&#8211; (Arbeitsmedizinische Untersuchungen G26.3 &#8211; Atemschutzger\u00e4te)<br \/>\n&#8211; (Arbeitsmedizinische Untersuchungen G41 &#8211; Arbeiten mit Absturzgefahr)<\/p>\n<p>Diese Schulungen finden als Inhouse-Schulungen statt.<\/p>\n<p>Bitte kontaktieren Sie uns bei Interesse, damit wir Ihnen ein individuelles Angebot zusammenstellen k\u00f6nnen.<\/p>\n","protected":false},"excerpt":{"rendered":"<p>In diesem Kurs werden Multiplikatoren im Bereich \u201eSichern im absturzgef\u00e4hrdetem Bereich\u201c und \u201eRetten und Selbstretten\u201c geschult und sind danach bef\u00e4higt, Schulungen planen und durchf\u00fchren zu k\u00f6nnen. In dem drei Tage dauernden Kurs (18 Unterrichtseinheiten) werden die dazu notwendigen Kenntnisse von qualifizierten Trainern vermittelt. F\u00fcr diesen Kurs erforderlich: &#8211; vollst\u00e4ndige pers\u00f6nliche Schutzausr\u00fcstung &#8211; erfolgreiche Teilnahme am <a href=\"https:\/\/www.seiltechnik-hannover.de\/?page_id=547\" rel=\"nofollow\"><span class=\"sr-only\">Read more about Schulung Multiplikator f\u00fcr Feuerwehren<\/span>[&hellip;]<\/a><\/p>\n","protected":false},"author":1,"featured_media":0,"parent":0,"menu_order":0,"comment_status":"closed","ping_status":"closed","template":"","meta":[],"_links":{"self":[{"href":"https:\/\/www.seiltechnik-hannover.de\/index.php?rest_route=\/wp\/v2\/pages\/547"}],"collection":[{"href":"https:\/\/www.seiltechnik-hannover.de\/index.php?rest_route=\/wp\/v2\/pages"}],"about":[{"href":"https:\/\/www.seiltechnik-hannover.de\/index.php?rest_route=\/wp\/v2\/types\/page"}],"author":[{"embeddable":true,"href":"https:\/\/www.seiltechnik-hannover.de\/index.php?rest_route=\/wp\/v2\/users\/1"}],"replies":[{"embeddable":true,"href":"https:\/\/www.seiltechnik-hannover.de\/index.php?rest_route=%2Fwp%2Fv2%2Fcomments&post=547"}],"version-history":[{"count":4,"href":"https:\/\/www.seiltechnik-hannover.de\/index.php?rest_route=\/wp\/v2\/pages\/547\/revisions"}],"predecessor-version":[{"id":1434,"href":"https:\/\/www.seiltechnik-hannover.de\/index.php?rest_route=\/wp\/v2\/pages\/547\/revisions\/1434"}],"wp:attachment":[{"href":"https:\/\/www.seiltechnik-hannover.de\/index.php?rest_route=%2Fwp%2Fv2%2Fmedia&parent=547"}],"curies":[{"name":"wp","href":"https:\/\/api.w.org\/{rel}","templated":true}]}}