{"id":663,"date":"2017-09-28T10:00:08","date_gmt":"2017-09-28T08:00:08","guid":{"rendered":"http:\/\/www.seiltechnik-hannover.de\/?page_id=663"},"modified":"2025-12-19T17:59:43","modified_gmt":"2025-12-19T16:59:43","slug":"unsere-oeffnungszeiten","status":"publish","type":"page","link":"https:\/\/www.seiltechnik-hannover.de\/?page_id=663","title":{"rendered":"Unsere \u00d6ffnungszeiten"},"content":{"rendered":"<h3><span style=\"color: #333333;\">Bitte beachten: Wir haben kein Ladengesch\u00e4ft mit regul\u00e4ren \u00d6ffnungszeiten.<br \/>\n<\/span><\/h3>\n<p><span style=\"color: #ff0000;\">Vom 22. Dezember bis zum 11. Januar haben wir geschlossen.\u00a0<\/span><\/p>\n<p>Bei Beratungsbedarf vereinbaren Sie bitte einen Termin per Email oder Telefonisch. Sie haben die M\u00f6glichkeit, durch den Onlineshop zu bestellen und die Ware vor Ort abzuholen.<\/p>\n","protected":false},"excerpt":{"rendered":"<p>Bitte beachten: Wir haben kein Ladengesch\u00e4ft mit regul\u00e4ren \u00d6ffnungszeiten. Vom 22. Dezember bis zum 11. Januar haben wir geschlossen.\u00a0 Bei Beratungsbedarf vereinbaren Sie bitte einen Termin per Email oder Telefonisch. Sie haben die M\u00f6glichkeit, durch den Onlineshop zu bestellen und die Ware vor Ort abzuholen.<\/p>\n","protected":false},"author":1,"featured_media":0,"parent":0,"menu_order":0,"comment_status":"closed","ping_status":"closed","template":"","meta":[],"_links":{"self":[{"href":"https:\/\/www.seiltechnik-hannover.de\/index.php?rest_route=\/wp\/v2\/pages\/663"}],"collection":[{"href":"https:\/\/www.seiltechnik-hannover.de\/index.php?rest_route=\/wp\/v2\/pages"}],"about":[{"href":"https:\/\/www.seiltechnik-hannover.de\/index.php?rest_route=\/wp\/v2\/types\/page"}],"author":[{"embeddable":true,"href":"https:\/\/www.seiltechnik-hannover.de\/index.php?rest_route=\/wp\/v2\/users\/1"}],"replies":[{"embeddable":true,"href":"https:\/\/www.seiltechnik-hannover.de\/index.php?rest_route=%2Fwp%2Fv2%2Fcomments&post=663"}],"version-history":[{"count":9,"href":"https:\/\/www.seiltechnik-hannover.de\/index.php?rest_route=\/wp\/v2\/pages\/663\/revisions"}],"predecessor-version":[{"id":1465,"href":"https:\/\/www.seiltechnik-hannover.de\/index.php?rest_route=\/wp\/v2\/pages\/663\/revisions\/1465"}],"wp:attachment":[{"href":"https:\/\/www.seiltechnik-hannover.de\/index.php?rest_route=%2Fwp%2Fv2%2Fmedia&parent=663"}],"curies":[{"name":"wp","href":"https:\/\/api.w.org\/{rel}","templated":true}]}}