{"id":782,"date":"2019-08-31T17:50:53","date_gmt":"2019-08-31T15:50:53","guid":{"rendered":"http:\/\/www.seiltechnik-hannover.de\/?page_id=782"},"modified":"2019-08-31T17:50:57","modified_gmt":"2019-08-31T15:50:57","slug":"enge-raeume-confined-space","status":"publish","type":"page","link":"https:\/\/www.seiltechnik-hannover.de\/?page_id=782","title":{"rendered":"Enge R\u00e4ume \/ Confined Space"},"content":{"rendered":"\n<p>Wir sind spezialisiert f\u00fcr den Zugang in enge R\u00e4ume. <\/p>\n\n\n\n<p>Aber worin unterscheidet sich ein &#8220;enger Raum&#8221; von Ihren anderen Arbeitspl\u00e4tzen? Die DGUV Regel definiert das wie folgt: <\/p>\n\n\n\n<p><strong><em>Beh\u00e4lter und enge R\u00e4ume <\/em><\/strong><em>sind allseits oder \u00fcberwiegend von festen Wandungen umgebene Bereiche, in denen aufgrund ihrer r\u00e4umlichen Enge, von zu geringem Luftaustausch oder der in ihnen befindlichen bzw. ein- gebrachten Stoffe, Gemische, Verunreinigungen oder Einrichtungen besondere Gef\u00e4hrdungen bestehen oder entstehen k\u00f6nnen, die \u00fcber das \u00fcblicherweise an Arbeitspl\u00e4tzen herrschende Gefahrenpotenzial deutlich hinausgehen. Auch Bereiche, die nur teilweise von festen Wandungen um- geben sind, in denen sich aber aufgrund der \u00f6rtlichen Gegebenheiten oder der Konstruktion Gefahrstoffe ansammeln k\u00f6nnen bzw. Sauerstoffmangel entstehen kann, sind enge R\u00e4ume im Sinne dieser Regel. <\/em><\/p>\n\n\n\n<p>Klassische Bereiche sind z.B. Tanks, egal ob das der feste Tank im Labor oder der Aufbau zum Beispiel auf einem LKW ist.  Aber es geht auch kleiner: Rohre oder Bel\u00fcftungsanlagen k\u00f6nnen ebenso zur Gefahr werden. Hier gilt: Auch das Hineinlehnen wird bereits als Einstieg definiert.  Ebenso sind h\u00e4ufig Bauten der Wasser- und Abwasserwirtschaft von dieser Definition betroffen<\/p>\n\n\n\n<p>Dazu kommen dann auch Herausforderungen wie nur begrenzt nutzbare Ein- und Ausstiegs\u00f6ffnungen, die eine Rettung erschweren. Da diese R\u00e4ume in der Regel nicht daf\u00fcr gedacht sind, das sich dort Menschen aufhalten und dort nur ein geringer bis kein nat\u00fcrlicher Luftaustausch zu erwarten ist, ist zudem eine st\u00e4ndige \u00dcberwachung des Sauerstoffgehalts in der Luft (Freimessen der Atmosph\u00e4re) gefordert.<\/p>\n\n\n\n<p>Weitere Gef\u00e4hrdungen in engen R\u00e4umen k\u00f6nnen durch darin befindliche oder eingebrachte Stoffe entstehen. <\/p>\n\n\n\n<p>Die folgenden Gef\u00e4hrdungen  <\/p>\n\n\n\n<ul><li> <em>durch Arbeitsverfahren, z. B. Schwei\u00dfen, Schleifen, Reinigen mit Fl\u00fcssig- <\/em> <em>keiten oder Feststoffen, <\/em> <\/li><li> <em>durch Oberfl\u00e4chenbehandlung, <\/em> <\/li><li> <em>durch Aufr\u00fchren von R\u00fcckst\u00e4nden, <\/em> <\/li><li> <em>durch biologische Vorg\u00e4nge, z. B. G\u00e4rung, F\u00e4ulnis, <\/em> <\/li><li> <em>durch chemische Reaktionen, <\/em> <\/li><li> <em>durch zum Sp\u00fclen verwendete Gase, <\/em> <\/li><li> <em>durch Stoffe und Gemische, die durch undichte Auskleidungen oder <\/em> <em>undichte Absperreinrichtungen eindringen k\u00f6nnen, <\/em> <\/li><li> <em>durch Sauerstoffmangel; dieser kann auftreten durch Inertgase, die zum <\/em> <em>Sp\u00fclen verwendet wurden, oder durch Stoffe (auch Beh\u00e4ltermaterial), die den Sauerstoff absorbieren, chemisch oder physikalisch binden oder verdr\u00e4ngen (siehe auch Anhang 5); Sauerstoffverbrauch bei der Arbeit, ungeeignete und unzul\u00e4ngliche L\u00fcftung w\u00e4hrend der Arbeit in Beh\u00e4ltern, Silos oder engen R\u00e4umen k\u00f6nnen ebenfalls zu Sauerstoffmangel f\u00fchren, <\/em> <\/li><li> <em>durch Anreicherung mit Sauerstoff; z. B. durch Fehlbedienungen oder Undichtigkeiten bei Schwei\u00dfarbeiten, <\/em> <\/li><li><\/li><\/ul>\n\n\n\n<p>m\u00fcssen schon vor der Begehung in einer Gef\u00e4hrdungsermittlung festgehalten werden. Zudem muss eine Rettung zu jeder Zeit sicher gew\u00e4hrleistet sein.<\/p>\n\n\n\n<p>Wir f\u00fchren f\u00fcr Sie die Planung, Zugang und Rettung durch. Zudem k\u00f6nnen wir Ihnen Sicherungsposten und Rettungsmaterial stellen. <\/p>\n\n\n\n<p><br><\/p>\n","protected":false},"excerpt":{"rendered":"<p>Wir sind spezialisiert f\u00fcr den Zugang in enge R\u00e4ume. Aber worin unterscheidet sich ein &#8220;enger Raum&#8221; von Ihren anderen Arbeitspl\u00e4tzen? Die DGUV Regel definiert das wie folgt: Beh\u00e4lter und enge R\u00e4ume sind allseits oder \u00fcberwiegend von festen Wandungen umgebene Bereiche, in denen aufgrund ihrer r\u00e4umlichen Enge, von zu geringem Luftaustausch oder der in ihnen befindlichen <a href=\"https:\/\/www.seiltechnik-hannover.de\/?page_id=782\" rel=\"nofollow\"><span class=\"sr-only\">Read more about Enge R\u00e4ume \/ Confined Space<\/span>[&hellip;]<\/a><\/p>\n","protected":false},"author":1,"featured_media":788,"parent":103,"menu_order":0,"comment_status":"closed","ping_status":"closed","template":"template-fullwidth.php","meta":[],"_links":{"self":[{"href":"https:\/\/www.seiltechnik-hannover.de\/index.php?rest_route=\/wp\/v2\/pages\/782"}],"collection":[{"href":"https:\/\/www.seiltechnik-hannover.de\/index.php?rest_route=\/wp\/v2\/pages"}],"about":[{"href":"https:\/\/www.seiltechnik-hannover.de\/index.php?rest_route=\/wp\/v2\/types\/page"}],"author":[{"embeddable":true,"href":"https:\/\/www.seiltechnik-hannover.de\/index.php?rest_route=\/wp\/v2\/users\/1"}],"replies":[{"embeddable":true,"href":"https:\/\/www.seiltechnik-hannover.de\/index.php?rest_route=%2Fwp%2Fv2%2Fcomments&post=782"}],"version-history":[{"count":5,"href":"https:\/\/www.seiltechnik-hannover.de\/index.php?rest_route=\/wp\/v2\/pages\/782\/revisions"}],"predecessor-version":[{"id":787,"href":"https:\/\/www.seiltechnik-hannover.de\/index.php?rest_route=\/wp\/v2\/pages\/782\/revisions\/787"}],"up":[{"embeddable":true,"href":"https:\/\/www.seiltechnik-hannover.de\/index.php?rest_route=\/wp\/v2\/pages\/103"}],"wp:featuredmedia":[{"embeddable":true,"href":"https:\/\/www.seiltechnik-hannover.de\/index.php?rest_route=\/wp\/v2\/media\/788"}],"wp:attachment":[{"href":"https:\/\/www.seiltechnik-hannover.de\/index.php?rest_route=%2Fwp%2Fv2%2Fmedia&parent=782"}],"curies":[{"name":"wp","href":"https:\/\/api.w.org\/{rel}","templated":true}]}}