{"id":89,"date":"2015-11-29T07:23:25","date_gmt":"2015-11-29T07:23:25","guid":{"rendered":"http:\/\/localhost:8888\/wordpress\/?page_id=89"},"modified":"2018-07-13T14:02:01","modified_gmt":"2018-07-13T12:02:01","slug":"grundlagen-und-sichere-verwendung-von-psa-auffrischer-von-level-2","status":"publish","type":"page","link":"https:\/\/www.seiltechnik-hannover.de\/?page_id=89","title":{"rendered":"Grundlagen und sichere Verwendung von PSA &#8211; Auffrischer von Level 2"},"content":{"rendered":"<p>Wir \u00fcbernehmen f\u00fcr Sie die j\u00e4hrliche Wiederholungsunterweisung, die von der DGUV f\u00fcr Anwender der PSA gefordert wird.<\/p>\n<p>An diesem Trainingstag wiederholen wir die theoretischen Grundlagen aus Level 1 und 2, der Schwerpunkt liegt aber auf dem Umgang mit Mensch und PSAgA im Fall einer Rettung.<\/p>\n<p>Diese Training wird wieder arbeitsplatzbezogen vor Ort durchgef\u00fchrt und soll die Teilnehmer im sicheren Umgang mit Rettung- und Evakuierungsger\u00e4ten schulen, sowie den Umgang mit gest\u00fcrzten Personen festigen.<\/p>\n<p>&nbsp;<\/p>\n","protected":false},"excerpt":{"rendered":"<p>Wir \u00fcbernehmen f\u00fcr Sie die j\u00e4hrliche Wiederholungsunterweisung, die von der DGUV f\u00fcr Anwender der PSA gefordert wird. An diesem Trainingstag wiederholen wir die theoretischen Grundlagen aus Level 1 und 2, der Schwerpunkt liegt aber auf dem Umgang mit Mensch und PSAgA im Fall einer Rettung. Diese Training wird wieder arbeitsplatzbezogen vor Ort durchgef\u00fchrt und soll <a href=\"https:\/\/www.seiltechnik-hannover.de\/?page_id=89\" rel=\"nofollow\"><span class=\"sr-only\">Read more about Grundlagen und sichere Verwendung von PSA &#8211; Auffrischer von Level 2<\/span>[&hellip;]<\/a><\/p>\n","protected":false},"author":2,"featured_media":0,"parent":81,"menu_order":3,"comment_status":"closed","ping_status":"closed","template":"template-fullwidth.php","meta":[],"_links":{"self":[{"href":"https:\/\/www.seiltechnik-hannover.de\/index.php?rest_route=\/wp\/v2\/pages\/89"}],"collection":[{"href":"https:\/\/www.seiltechnik-hannover.de\/index.php?rest_route=\/wp\/v2\/pages"}],"about":[{"href":"https:\/\/www.seiltechnik-hannover.de\/index.php?rest_route=\/wp\/v2\/types\/page"}],"author":[{"embeddable":true,"href":"https:\/\/www.seiltechnik-hannover.de\/index.php?rest_route=\/wp\/v2\/users\/2"}],"replies":[{"embeddable":true,"href":"https:\/\/www.seiltechnik-hannover.de\/index.php?rest_route=%2Fwp%2Fv2%2Fcomments&post=89"}],"version-history":[{"count":2,"href":"https:\/\/www.seiltechnik-hannover.de\/index.php?rest_route=\/wp\/v2\/pages\/89\/revisions"}],"predecessor-version":[{"id":1041,"href":"https:\/\/www.seiltechnik-hannover.de\/index.php?rest_route=\/wp\/v2\/pages\/89\/revisions\/1041"}],"up":[{"embeddable":true,"href":"https:\/\/www.seiltechnik-hannover.de\/index.php?rest_route=\/wp\/v2\/pages\/81"}],"wp:attachment":[{"href":"https:\/\/www.seiltechnik-hannover.de\/index.php?rest_route=%2Fwp%2Fv2%2Fmedia&parent=89"}],"curies":[{"name":"wp","href":"https:\/\/api.w.org\/{rel}","templated":true}]}}